{"id":2404,"date":"2014-05-20T18:15:38","date_gmt":"2014-05-20T18:15:38","guid":{"rendered":"https:\/\/www.ntfw.org\/wel\/"},"modified":"2021-09-23T17:58:57","modified_gmt":"2021-09-23T16:58:57","slug":"adnoddau","status":"publish","type":"page","link":"https:\/\/www.ntfw.org\/wel\/prosiectau\/hyrwyddwr-dwyieithrwydd\/adnoddau\/","title":{"rendered":"Adnoddau"},"content":{"rendered":"<p><a href=\"https:\/\/www.ntfw.org\/projects\/bilingual-champion\/resources\/\">English<\/a> | <a href=\"https:\/\/www.ntfw.org\/wel\/prosiectau\/hyrwyddwr-dwyieithrwydd\/adnoddau\/\">Cymraeg<\/a><\/p>\n<ul id=\"file-downloads\">\n<h4 style=\"font-size: 1.2em;\">Arfer Da Dwyieithog Ar Lein<\/h4>\n<p style=\"font-size: 1em;\">Mae Hyrwyddwr Dwyieithrwydd NTfW wedi cofnodi\u2019r arferion da yn y sector DSW sy\u2019n ymwneud \u00e2 darpariaeth a\u2019r datblygiad o Gymwysterau Galwedigaethol Dwyieithog a Chyfrwng Cymraeg yng Nghymru.  Mae\u2019r ddogfen yn dangos arferion da ac astudiaethau achos yngl\u0177n \u00e2 Chynnwys Dysgwyr; Ymgysylltu \u00e2\u2019r Staff; Ymgysylltu \u00e2 Chyflogwyr; Arferion Da&#8217;r Cwmni; ac Arferion Da ar lefel Consortiwm.<\/p>\n<li class=\"pdf\"><a href=\"https:\/\/www.ntfw.org\/documents\/bilingual-champion\/PBWVQ-Ebook-CY.pdf\">Arfer Da Ar Lein Ebook<\/a><\/li>\n<\/ul>\n<p><strong style=\"font-size: 1.1em\";>Cliciwch ar y dolenni isod i ganfod rhagor o adnoddau defnyddiol:<\/strong><\/p>\n<p><strong>Geiriaduron\/Rhestrau Termau\/Gwirydd Sillafu<\/strong><br \/>\n<a href=\"https:\/\/www.cysgliad.com\/cy\/\">Cysgliad<\/a><br \/>\n<a href=\"https:\/\/geiriadur.uwtsd.ac.uk\/\">Geiriadur Ar-lein<\/a><br \/>\n<a href=\"https:\/\/geiriaduracademi.org\/\">Geiriadur yr Academi<\/a><br \/>\n<a href=\"https:\/\/llyw.cymru\/bydtermcymru?_ga=2.148801911.1182572605.1590486101-1104049465.1579534244\">Term Cymru<\/a><br \/>\n<a href=\"https:\/\/www.bangor.ac.uk\/canolfanbedwyr\/ap_geiriaduron.php.cy\">Ap Geiriaduron<\/a><br \/>\n<a href=\"http:\/\/termau.cymru\/allwedd\/\">Porth Termau Cenedlaethol Cymru<\/a><\/p>\n<p><strong>Dysgu Cymraeg<\/strong><br \/>\n<a href=\"https:\/\/www.addysgop.co.uk\/cy\/clic-clonc\/\">ClicClonc<\/a><br \/>\n<a href=\"https:\/\/dysgucymraeg.cymru\/\">Dysgu Cymraeg<\/a><br \/>\n<a href=\"https:\/\/quizlet.com\/13332395\/flashcards\">Quizlet &#8211; Adnoddau ar-lein i ddysgu ieithoedd a rhoi prawf ar wybodaeth<\/a><br \/>\n<a href=\"https:\/\/www.porth.ac.uk\/cy\/collection\/prentis-iaith\">Prentis-Iaith<\/a><br \/>\n<a href=\"https:\/\/www.saysomethingin.com\/welsh\/course1\">SaySomethinginWelsh<\/a><\/p>\n<p><strong>Adnoddau<\/strong><br \/>\n<a href=\"http:\/\/acen.co.uk\/cy\/home-2\/\">Acen<\/a><br \/>\n<a href=\"https:\/\/cadw.llyw.cymru\/dysgu\/hanes\/arwyr-ac-arwresau-cymru\">Arwyr ac Arwresau Cymru<\/a><br \/>\n<a href=\"https:\/\/www.ntfw.org\/wp-content\/uploads\/2014\/05\/Gwaith.pdf\">Ble wyt ti&#8217;n gweithio?<\/a><br \/>\n<a href=\"https:\/\/www.porth.ac.uk\/cy\/collection\/botwm-y-byd\">Botwm y Byd<\/a><br \/>\n<a href=\"https:\/\/www.porth.ac.uk\/?_locale=cy\">Coleg Cymraeg Cenedlaethol &#8211; Porth Adnodau<\/a><br \/>\n<a href=\"https:\/\/www.ntfw.org\/wp-content\/uploads\/2020\/05\/Welsh-Speaker-Images.zip\">Troednodyn ebost a logos Iaith Gwaith<\/a><br \/>\n<a href=\"https:\/\/www.ntfw.org\/wp-content\/uploads\/2014\/05\/Taflen-Dwy-Iaith.pdf\">Dwy Iaith &#8211; I Be&#8217;<\/a><br \/>\n<a href=\"https:\/\/hwb.gov.wales\/\/\">Hwb<\/a><br \/>\n<a href=\"http:\/\/troi.org\/cy\/literatim.html\">Literatim \u2014 Bysellfwrdd Android<\/a><br \/>\n<a href=\"https:\/\/www.ntfw.org\/wp-content\/uploads\/2014\/05\/Y_Teulu.pdf\">Y Teulu<\/a><br \/>\n<a href=\"https:\/\/www.ntfw.org\/wp-content\/uploads\/2014\/05\/Yr_Amser_Llinell.pdf\">Yr Amser Llinell<\/a><\/p>\n<p><strong>Gwasanaethau Cyfieithu<\/strong><br \/>\n<a href=\"https:\/\/www.cyfieithwyr.cymru\/cy\/\">Cymdeithas Cyfieithwyr Cymru<\/a><\/p>\n<p><strong>Rhagor o sefydliadau sy\u2019n ymwneud  \u00e2 <a href=\"https:\/\/www.ntfw.org\/wel\/amdanom-ni\/dolenni\/#cymraeg\">dwyieithrwydd yng Nghymru<\/a>.<br \/>\n<\/strong><\/p>\n","protected":false},"excerpt":{"rendered":"<p>English | Cymraeg Arfer Da Dwyieithog Ar Lein Mae Hyrwyddwr Dwyieithrwydd NTfW wedi cofnodi\u2019r arferion da yn y sector DSW sy\u2019n ymwneud \u00e2 darpariaeth a\u2019r datblygiad o Gymwysterau Galwedigaethol Dwyieithog a Chyfrwng Cymraeg yng Nghymru. Mae\u2019r ddogfen yn dangos arferion &hellip; <a href=\"https:\/\/www.ntfw.org\/wel\/prosiectau\/hyrwyddwr-dwyieithrwydd\/adnoddau\/\">Darllen rhagor <span class=\"meta-nav\">&raquo;<\/span><\/a><\/p>\n","protected":false},"author":2,"featured_media":0,"parent":1401,"menu_order":0,"comment_status":"closed","ping_status":"closed","template":"projects-page.php","meta":{"footnotes":""},"class_list":["post-2404","page","type-page","status-publish","hentry"],"_links":{"self":[{"href":"https:\/\/www.ntfw.org\/wel\/wp-json\/wp\/v2\/pages\/2404","targetHints":{"allow":["GET"]}}],"collection":[{"href":"https:\/\/www.ntfw.org\/wel\/wp-json\/wp\/v2\/pages"}],"about":[{"href":"https:\/\/www.ntfw.org\/wel\/wp-json\/wp\/v2\/types\/page"}],"author":[{"embeddable":true,"href":"https:\/\/www.ntfw.org\/wel\/wp-json\/wp\/v2\/users\/2"}],"replies":[{"embeddable":true,"href":"https:\/\/www.ntfw.org\/wel\/wp-json\/wp\/v2\/comments?post=2404"}],"version-history":[{"count":0,"href":"https:\/\/www.ntfw.org\/wel\/wp-json\/wp\/v2\/pages\/2404\/revisions"}],"up":[{"embeddable":true,"href":"https:\/\/www.ntfw.org\/wel\/wp-json\/wp\/v2\/pages\/1401"}],"wp:attachment":[{"href":"https:\/\/www.ntfw.org\/wel\/wp-json\/wp\/v2\/media?parent=2404"}],"curies":[{"name":"wp","href":"https:\/\/api.w.org\/{rel}","templated":true}]}}