{"id":38,"date":"2010-10-29T10:16:38","date_gmt":"2010-10-29T10:16:38","guid":{"rendered":"http:\/\/ntfw.testsite.welsh:8888\/"},"modified":"2026-04-16T12:04:54","modified_gmt":"2026-04-16T11:04:54","slug":"ymuno-a-ni","status":"publish","type":"page","link":"https:\/\/www.ntfw.org\/wel\/ymuno-a-ni\/","title":{"rendered":"Pam ddylwn i ymaelodi ag NTFW?"},"content":{"rendered":"<p><a name=\"top\"><\/a><br \/>\n<a href=\"https:\/\/www.ntfw.org\/join-ntfw\/\">English<\/a> | <a href=\"https:\/\/www.ntfw.org\/wel\/ymuno-a-ni\/\">Cymraeg<\/a><\/p>\n<p>Mae ein haelodau\u2019n hanfodol i ni ac rydym yn cydweithio \u00e2 phob un i sicrhau eu bod yn cael y gefnogaeth angenrheidiol. Rydym yn annog rhwydweithio, cydweithio, partneriaethau a rhannu gwybodaeth, gan ein bod yn credu bod hyn yn hanfodol er mwyn sicrhau dyfodol dysgu seiliedig ar waith (DSW) yng Nghymru.<\/p>\n<p>Caiff NTFW ei gydnabod fel prif lais y sector dysgu seiliedig ar waith yng Nghymru. Mae aelodaeth yn agored i bob sefydliad a all ddangos ei fod yn addas i fod yn gysylltiedig \u00e2\u2019r Ffederasiwn. Yn ogystal \u00e2 manteision yn ymwneud \u00e2 gwaith, mae aelodaeth yn dod \u00e2 chyfleoedd i gwrdd \u00e2 chydweithwyr o\u2019ch diwydiant mewn sefyllfa sy\u2019n hwylus i rwydweithio.<\/p>\n<p>Mae NTFW yn cyfarfod yn rheolaidd \u00e2 Gweinidogion, Aelodau\u2019r Senedd, uwch-swyddogion o Lywodraeth Cymru a Medr, arweinyddion polisi ac mae\u2019n mynychu grwpiau gorchwyl a gorffen Llywodraeth Cymru.<\/p>\n<p><strong>Llywio a dylanwadu trwy<\/strong><\/p>\n<ul>\n<li>Llywodraeth Cymru<\/li>\n<li>Medr<\/li>\n<li>Sesiynau briffio a chyfarfodydd gweinidogol<\/li>\n<li>Roi tystiolaeth ym mhwyllgorau&#8217;r Senedd<\/li>\n<li>Ymwneud \u00e2 Gweinidogion Cymru, Aelodau o&#8217;r Senedd ac Aelodau Seneddol<\/li>\n<li>Trafodaethau rheolaidd gyda swyddogion Llywodraeth Cymru a Medr ynghylch ffurfio polis\u00efau a\u2019u gweithredu<\/li>\n<li>Gwneud gwaith ymchwil a pharatoi adroddiadau<\/li>\n<\/ul>\n<p><strong>Cynrychioli cyflogaeth a sgiliau yng Nghymru<\/strong><\/p>\n<ul>\n<li>Cyngor y Gweithlu Addysg<\/li>\n<li>Partneriaethau Sgiliau Rhanbarthol<\/li>\n<li>Bwrdd Cynghori Prentisiaethau Cymru<\/li>\n<li>Bwrdd Cyflogaeth a Sgiliau Cymru<\/li>\n<\/ul>\n<p><strong>Rhannu ffeithiau a gwybodaeth<\/strong><\/p>\n<ul>\n<li>Grwpiau cyfeirio gwahanol sectorau<\/li>\n<li>Gr\u0175p Dalwyr Contractau Prentisiaethau<\/li>\n<li>Cynhadledd NTFW<\/li>\n<li>Adran Aelodau NTFW yn cynnwys newyddion rheolaidd i aelodau<\/li>\n<li>Digwyddiadau rhannu gwybodaeth i randdeiliaid<\/li>\n<\/ul>\n<p><strong>Mae gan NTFW gynrychiolwyr ar lawer o grwpiau&#8217;r llywodraeth a grwpiau rhanddeiliaid ehangach, yn cynnwys:<\/strong><\/p>\n<ul>\n<li>Bwrdd Strategaeth \u00d4l-16 y Coleg Cymraeg Cenedlaethol<\/li>\n<li>Gr\u0175p Datblygu Gweithlu \u00d4l-16 Cyngor y Gweithlu Addysg<\/li>\n<li>Estyn<\/li>\n<li>FSB Cymru<\/li>\n<li>Bwrdd Strategaeth a Gweithredu AHO<\/li>\n<li>Cyfarfodydd strategaeth Cymwysterau Cymru<\/li>\n<li>Gr\u0175p Adolygu Cymwysterau Galwedigaethol<\/li>\n<li>Sgiliau Twristiaeth a Lletygarwch Cymru<\/li>\n<\/ul>\n<p><strong>Codi proffil dysgu seiliedig ar waith yng Nghymru<\/strong><\/p>\n<ul>\n<li>Wythnos Prentisiaethau<\/li>\n<li>Cystadlaethau Sgiliau &#8211; Cystadleuaeth Sgiliau Cymru a WorldSkills<\/li>\n<li>Cylchlythyr NTFW<\/li>\n<li>Datganiadau i\u2019r wasg ac erthyglau newyddion<\/li>\n<li>Gweithgarwch ar y cyfryngau cymdeithasol<\/li>\n<\/ul>\n<h3>Oes gennych chi ddiddordeb mewn dod yn aelod o NTFW?<\/h3>\n<h4>Aelod llawn<\/h4>\n<p>Ar gyfer darparwyr hyfforddiant annibynnol sydd \u00e2 chontract i gyflenwi prentisiaethau ar ran Llywodraeth Cymru.<\/p>\n<p><a style=\"font-size: 14px; font-weight: bold; border: none; padding: 3px 6px; color: #fff; background: #d2232a; border-radius: 3px;\" href=\"https:\/\/www.ntfw.org\/wel\/full-member\">Cael gwybod rhagor<\/a><\/p>\n<h4>Isgontractor annibynnol<\/h4>\n<p>Ar gyfer darparwyr hyfforddiant sydd \u00e2 chontract i gyflenwi prentisiaethau ar ran deiliad contract annibynnol a gomisiynwyd yng Nghymru.<\/p>\n<p><a style=\"font-size: 14px; font-weight: bold; border: none; padding: 3px 6px; color: #fff; background: #d2232a; border-radius: 3px;\" href=\"https:\/\/www.ntfw.org\/wel\/independent-subcontractor\">Cael gwybod rhagor<\/a><\/p>\n<h4>Isgontractor Addysg Bellach (AB)<\/h4>\n<p>Ar gyfer darparwyr hyfforddiant sydd \u00e2 chontract i gyflenwi prentisiaethau ar ran coleg addysg bellach yng Nghymru.<\/p>\n<p><a style=\"font-size: 14px; font-weight: bold; border: none; padding: 3px 6px; color: #fff; background: #d2232a; border-radius: 3px;\" href=\"https:\/\/www.ntfw.org\/wel\/ntfw-fe-subcontractor\">Cael gwybod rhagor<\/a><\/p>\n<h4>Aelodaeth gyswllt<\/h4>\n<p>Ar gyfer unrhyw sefydliad (preifat, corff cyhoeddus, elusennol neu drydydd sector) neu unigolyn nad yw&#8217;n ymwneud yn uniongyrchol, o bosib, \u00e2 chyflenwi rhaglenni dysgu seiliedig ar waith Llywodraeth Cymru, ond sydd \u00e2 diddordeb mewn datblygu eu perthynas \u00e2&#8217;r rhwydwaith.<\/p>\n<p><a style=\"font-size: 14px; font-weight: bold; border: none; padding: 3px 6px; color: #fff; background: #d2232a; border-radius: 3px;\" href=\"https:\/\/www.ntfw.org\/wel\/amdanom-ni\/ntfw-associate\">Cael gwybod rhagor<\/a><\/p>\n<p><a href=\"#top\">yn \u00f4l i\u2019r brig>><\/a><\/p>\n","protected":false},"excerpt":{"rendered":"<p>English | Cymraeg Mae ein haelodau\u2019n hanfodol i ni ac rydym yn cydweithio \u00e2 phob un i sicrhau eu bod yn cael y gefnogaeth angenrheidiol. Rydym yn annog rhwydweithio, cydweithio, partneriaethau a rhannu gwybodaeth, gan ein bod yn credu bod &hellip; <a href=\"https:\/\/www.ntfw.org\/wel\/ymuno-a-ni\/\">Darllen rhagor <span class=\"meta-nav\">&raquo;<\/span><\/a><\/p>\n","protected":false},"author":1,"featured_media":0,"parent":0,"menu_order":0,"comment_status":"closed","ping_status":"closed","template":"join-page.php","meta":{"footnotes":""},"class_list":["post-38","page","type-page","status-publish","hentry"],"_links":{"self":[{"href":"https:\/\/www.ntfw.org\/wel\/wp-json\/wp\/v2\/pages\/38","targetHints":{"allow":["GET"]}}],"collection":[{"href":"https:\/\/www.ntfw.org\/wel\/wp-json\/wp\/v2\/pages"}],"about":[{"href":"https:\/\/www.ntfw.org\/wel\/wp-json\/wp\/v2\/types\/page"}],"author":[{"embeddable":true,"href":"https:\/\/www.ntfw.org\/wel\/wp-json\/wp\/v2\/users\/1"}],"replies":[{"embeddable":true,"href":"https:\/\/www.ntfw.org\/wel\/wp-json\/wp\/v2\/comments?post=38"}],"version-history":[{"count":38,"href":"https:\/\/www.ntfw.org\/wel\/wp-json\/wp\/v2\/pages\/38\/revisions"}],"predecessor-version":[{"id":12328,"href":"https:\/\/www.ntfw.org\/wel\/wp-json\/wp\/v2\/pages\/38\/revisions\/12328"}],"wp:attachment":[{"href":"https:\/\/www.ntfw.org\/wel\/wp-json\/wp\/v2\/media?parent=38"}],"curies":[{"name":"wp","href":"https:\/\/api.w.org\/{rel}","templated":true}]}}