{"id":5702,"date":"2018-05-10T21:11:41","date_gmt":"2018-05-10T21:11:41","guid":{"rendered":"https:\/\/www.ntfw.org\/wel\/?page_id=5702"},"modified":"2025-02-04T11:18:25","modified_gmt":"2025-02-04T11:18:25","slug":"polisi-preifatrwydd","status":"publish","type":"page","link":"https:\/\/www.ntfw.org\/wel\/polisi-preifatrwydd\/","title":{"rendered":"Polisi Preifatrwydd"},"content":{"rendered":"<p><id=\"top\"><\/p>\n<p><a href=\"https:\/\/www.ntfw.org\/wel\/digwyddiadau\/cynhadledd-ntfw-2025\">Yn \u00f4l i&#8217;r wybodaeth am y gynhadledd<\/a><\/p>\n<p><a href=\"https:\/\/www.ntfw.org\/privacy-policy\/\">English<\/a> | <a href=\"https:\/\/www.ntfw.org\/wel\/polisi-preifatrwydd\/\">Cymraeg<\/a><\/p>\n<p>Mae\u2019r polisi preifatrwydd hwn yn amlinellu sut y mae Ffederasiwn Hyfforddiant Cenedlaethol Cymru (NTFW) yn defnyddio ac yn diogelu unrhyw wybodaeth yr ydych yn ei rhoi i NTFW pan fyddwch yn defnyddio\u2019r wefan hon.<\/p>\n<p>Mae NTFW wedi ymrwymo i sicrhau bod eich preifatrwydd yn cael ei ddiogelu. Os byddwn yn gofyn i chi roi gwybodaeth benodol a allai ddatgelu pwy ydych wrth i chi ddefnyddio\u2019r wefan hon, gallwn eich sicrhau mai dim ond yn unol \u00e2\u2019r datganiad preifatrwydd hwn y caiff ei defnyddio.<\/p>\n<p>Gall NTFW newid y polisi hwn o bryd i\u2019w gilydd trwy ddiweddaru\u2019r dudalen hon. Dylech ddarllen y dudalen hon yn achlysurol i sicrhau eich bod yn fodlon ag unrhyw newidiadau.<\/p>\n<p><strong>Y wybodaeth a gesglir gennym<\/strong><br \/>\nGallwn gasglu\u2019r wybodaeth a ganlyn:<\/p>\n<ul>\n<li>Enw, teitl swydd a sefydliad.<\/li>\n<li>Gwybodaeth gyswllt gan gynnwys cyfeiriad ebost, rhif ff\u00f4n a\/neu ff\u00f4n symudol.<\/li>\n<li>Gwybodaeth ddemograffig fel eich cod post, eich dewisiadau a&#8217;ch diddordebau.<\/li>\n<li>Gwybodaeth arall sy\u2019n berthnasol i arolygon cwsmeriaid a\/neu gynigion\n<\/li>\n<\/ul>\n<p><strong>Beth rydym yn ei wneud \u00e2\u2019r wybodaeth a gesglir gennym<\/strong><br \/>\nMae angen y wybodaeth hon arnom i ddeall eich anghenion ac i ddarparu gwell gwasanaeth ar eich cyfer, ac yn fwyaf arbennig am y rhesymau isod:<\/p>\n<ul>\n<li>Cadw cofnodion mewnol.<\/li>\n<li>Gallwn ddefnyddio\u2019r wybodaeth i wella ein cynnyrch a\u2019n gwasanaethau.<\/li>\n<li>Gallwn anfon negeseuon ebost hyrwyddo o bryd i\u2019w gilydd i roi gwybodaeth am gynnyrch newydd, cynigion arbennig neu wybodaeth arall y credwn y gall fod o ddiddordeb i chi. Byddwn yn defnyddio\u2019r cyfeiriad ebost a roddwyd gennych.<\/li>\n<li>O bryd i\u2019w gilydd hefyd, gallwn ddefnyddio\u2019ch manylion i gysylltu \u00e2 chi i ddibenion ymchwil marchnata. Gallwn gysylltu \u00e2 chi trwy&#8217;r ebost, dros y ff\u00f4n neu trwy lythyr.<\/li>\n<li>Gallwn ddefnyddio\u2019r wybodaeth i addasu\u2019r wefan ar gyfer eich diddordebau chi.<\/li>\n<\/ul>\n<p><strong>Dolenni i wefannau eraill<\/strong><br \/>\nGall ein gwefan gynnwys dolenni i wefannau eraill a all fod o ddiddordeb i chi. Fodd bynnag, ar \u00f4l i chi ddefnyddio\u2019r dolenni hyn i adael ein gwefan ni, nid oes gennym reolaeth dros y gwefannau eraill hynny. Felly, ni allwn fod yn gyfrifol am ddiogelu nac am breifatrwydd unrhyw wybodaeth a gyflwynwch tra byddwch ar y gwefannau hynny ac nid yw\u2019r datganiad preifatrwydd hwn yn berthnasol i\u2019r gwefannau hynny. Dylech fod yn ofalus a darllen datganiad preifatrwydd y wefan dan sylw.<\/p>\n<p><strong>Rheoli eich gwybodaeth bersonol<\/strong><br \/>\nGallwch ddewis cyfyngu ar gasglu neu ddefnyddio eich gwybodaeth bersonol fel a ganlyn:<\/p>\n<ul>\n<li>Pan ofynnir i chi lenwi ffurflen ar y wefan, chwiliwch am y blwch y gallwch ei glicio i nodi nad ydych am i\u2019r wybodaeth gael ei defnyddio gan neb at ddibenion marchnata uniongyrchol<\/li>\n<li>Os ydych wedi cytuno yn y gorffennol y cawn ni ddefnyddio\u2019ch gwybodaeth bersonol at ddibenion marchnata uniongyrchol, gallwch newid eich meddwl unrhyw bryd trwy ysgrifennu atom neu ebostio <a href=\"mailto:info@ntfw.org\">info@ntfw.org<\/a><\/li>\n<\/ul>\n<p>Ni fyddwn yn gwerthu, yn dosbarthu nac yn prydlesu&#8217;ch gwybodaeth bersonol i drydydd part\u00efon os na chawsom eich caniat\u00e2d i wneud hynny neu ei bod yn ofynnol yn \u00f4l y gyfraith. Gallwn ddefnyddio\u2019ch gwybodaeth bersonol i anfon deunydd hyrwyddo y credwn y gall fod o ddiddordeb i chi atoch am drydydd part\u00efon.<\/p>\n<p>Gallwch wneud cais o dan Ddeddf Diogelu Data 1998 i weld y wybodaeth bersonol sydd gennym amdanoch. Os hoffech dderbyn copi o\u2019r wybodaeth sydd gennym amdanoch, ebostiwch <a href=\"mailto:info@ntfw.org\">info@ntfw.org.<\/p>\n<p>Os ydych yn credu bod unrhyw wybodaeth sydd gennym amdanoch yn anghywir neu\u2019n anghyflawn, ysgrifennwch neu anfonwch neges ebost atom cyn gynted \u00e2 phosibl. Byddwn yn cywiro unrhyw wybodaeth y gwelir ei bod yn anghywir heb oedi.<\/p>\n<p><strong>Diogeledd<\/strong><br \/>\nYr ydym wedi ymrwymo i sicrhau bod eich gwybodaeth yn cael ei chadw\u2019n ddiogel. Er mwyn sicrhau nad oes neb heb awdurdod yn cael mynediad at eich gwybodaeth nac yn ei datgelu, yr ydym wedi cyflwyno gweithdrefnau addas, ffisegol, electronig a rheolaethol, i ddiogelu a sicrhau\u2019r wybodaeth yr ydym yn ei chasglu ar-lein.<\/p>\n<p><a href=\"#top\">yn \u00f4l i\u2019r brig>><\/a><\/p>\n","protected":false},"excerpt":{"rendered":"<p>Yn \u00f4l i&#8217;r wybodaeth am y gynhadledd English | Cymraeg Mae\u2019r polisi preifatrwydd hwn yn amlinellu sut y mae Ffederasiwn Hyfforddiant Cenedlaethol Cymru (NTFW) yn defnyddio ac yn diogelu unrhyw wybodaeth yr ydych yn ei rhoi i NTFW pan fyddwch &hellip; <a href=\"https:\/\/www.ntfw.org\/wel\/polisi-preifatrwydd\/\">Darllen rhagor <span class=\"meta-nav\">&raquo;<\/span><\/a><\/p>\n","protected":false},"author":2,"featured_media":0,"parent":0,"menu_order":0,"comment_status":"closed","ping_status":"closed","template":"about-page.php","meta":{"footnotes":""},"class_list":["post-5702","page","type-page","status-publish","hentry"],"_links":{"self":[{"href":"https:\/\/www.ntfw.org\/wel\/wp-json\/wp\/v2\/pages\/5702","targetHints":{"allow":["GET"]}}],"collection":[{"href":"https:\/\/www.ntfw.org\/wel\/wp-json\/wp\/v2\/pages"}],"about":[{"href":"https:\/\/www.ntfw.org\/wel\/wp-json\/wp\/v2\/types\/page"}],"author":[{"embeddable":true,"href":"https:\/\/www.ntfw.org\/wel\/wp-json\/wp\/v2\/users\/2"}],"replies":[{"embeddable":true,"href":"https:\/\/www.ntfw.org\/wel\/wp-json\/wp\/v2\/comments?post=5702"}],"version-history":[{"count":6,"href":"https:\/\/www.ntfw.org\/wel\/wp-json\/wp\/v2\/pages\/5702\/revisions"}],"predecessor-version":[{"id":11314,"href":"https:\/\/www.ntfw.org\/wel\/wp-json\/wp\/v2\/pages\/5702\/revisions\/11314"}],"wp:attachment":[{"href":"https:\/\/www.ntfw.org\/wel\/wp-json\/wp\/v2\/media?parent=5702"}],"curies":[{"name":"wp","href":"https:\/\/api.w.org\/{rel}","templated":true}]}}